{"id":285,"date":"2021-09-04T09:56:52","date_gmt":"2021-09-04T07:56:52","guid":{"rendered":"https:\/\/www.cyfrawebdesign.pl\/?page_id=285"},"modified":"2021-09-04T12:02:12","modified_gmt":"2021-09-04T10:02:12","slug":"zloz-zamowienie","status":"publish","type":"page","link":"https:\/\/www.cyfrawebdesign.pl\/index.php\/zloz-zamowienie\/","title":{"rendered":"Z\u0142\u00f3\u017c zam\u00f3wienie"},"content":{"rendered":"\n<div class=\"wp-block-columns is-layout-flex wp-container-core-columns-is-layout-9d6595d7 wp-block-columns-is-layout-flex\">\n<div class=\"wp-block-column is-layout-flow wp-block-column-is-layout-flow\" style=\"flex-basis:33.33%\">\n<div class=\"wp-block-cover has-background-dim-70 has-background-dim\" style=\"background-color:#007d4f\"><img loading=\"lazy\" decoding=\"async\" width=\"680\" height=\"1297\" class=\"wp-block-cover__image-background wp-image-271\" alt=\"\" src=\"https:\/\/www.cyfrawebdesign.pl\/wp-content\/uploads\/2021\/09\/cennik001.jpg\" data-object-fit=\"cover\" srcset=\"https:\/\/www.cyfrawebdesign.pl\/wp-content\/uploads\/2021\/09\/cennik001.jpg 680w, https:\/\/www.cyfrawebdesign.pl\/wp-content\/uploads\/2021\/09\/cennik001-157x300.jpg 157w, https:\/\/www.cyfrawebdesign.pl\/wp-content\/uploads\/2021\/09\/cennik001-537x1024.jpg 537w\" sizes=\"auto, (max-width: 680px) 100vw, 680px\" \/><div class=\"wp-block-cover__inner-container is-layout-flow wp-block-cover-is-layout-flow\">\n<p class=\"has-text-align-center has-large-font-size\"> Z\u0142\u00f3\u017c<\/p>\n\n\n\n<p class=\"has-text-align-center has-large-font-size\">zam\u00f3wienie<\/p>\n\n\n\n<p class=\"has-text-align-center has-large-font-size\">na<\/p>\n\n\n\n<p class=\"has-text-align-center has-large-font-size\">Twoj\u0105<\/p>\n\n\n\n<p class=\"has-text-align-center has-large-font-size\">stron\u0119<\/p>\n\n\n\n<p class=\"has-text-align-center has-large-font-size\">internetow\u0105 <\/p>\n\n\n\n<p class=\"has-text-align-center has-large-font-size\">w<\/p>\n\n\n\n<p class=\"has-text-align-center has-large-font-size\">pakiecie<\/p>\n\n\n\n<p class=\"has-text-align-center has-large-font-size\"><strong>STANDARD<\/strong><\/p>\n<\/div><\/div>\n<\/div>\n\n\n\n<div class=\"wp-block-column is-layout-flow wp-block-column-is-layout-flow\" style=\"flex-basis:66.66%\">\n<div class=\"wpcf7 no-js\" id=\"wpcf7-f282-o1\" lang=\"pl-PL\" dir=\"ltr\">\n<div class=\"screen-reader-response\"><p role=\"status\" aria-live=\"polite\" aria-atomic=\"true\"><\/p> <ul><\/ul><\/div>\n<form action=\"\/index.php\/wp-json\/wp\/v2\/pages\/285#wpcf7-f282-o1\" method=\"post\" class=\"wpcf7-form init\" aria-label=\"Formularz kontaktowy\" novalidate=\"novalidate\" data-status=\"init\">\n<div style=\"display: none;\">\n<input type=\"hidden\" name=\"_wpcf7\" value=\"282\" \/>\n<input type=\"hidden\" name=\"_wpcf7_version\" value=\"5.8.6\" \/>\n<input type=\"hidden\" name=\"_wpcf7_locale\" value=\"pl_PL\" \/>\n<input type=\"hidden\" name=\"_wpcf7_unit_tag\" value=\"wpcf7-f282-o1\" \/>\n<input type=\"hidden\" name=\"_wpcf7_container_post\" value=\"0\" \/>\n<input type=\"hidden\" name=\"_wpcf7_posted_data_hash\" value=\"\" \/>\n<\/div>\n<p><label> Imi\u0119 i nazwisko (wymagane)<br \/>\n<span class=\"wpcf7-form-control-wrap\" data-name=\"your-name\"><input size=\"38\" class=\"wpcf7-form-control wpcf7-text wpcf7-validates-as-required\" aria-required=\"true\" aria-invalid=\"false\" value=\"\" type=\"text\" name=\"your-name\" \/><\/span> <\/label>\n<\/p>\n<p><label> Adres email (wymagane)<br \/>\n<span class=\"wpcf7-form-control-wrap\" data-name=\"your-email\"><input size=\"38\" class=\"wpcf7-form-control wpcf7-email wpcf7-validates-as-required wpcf7-text wpcf7-validates-as-email\" aria-required=\"true\" aria-invalid=\"false\" value=\"\" type=\"email\" name=\"your-email\" \/><\/span> <\/label>\n<\/p>\n<p><label> Numer telefonu<br \/>\n<span class=\"wpcf7-form-control-wrap\" data-name=\"your-phone\"><input size=\"38\" class=\"wpcf7-form-control wpcf7-text\" aria-invalid=\"false\" value=\"\" type=\"text\" name=\"your-phone\" \/><\/span> <\/label>\n<\/p>\n<p><label> Temat<br \/>\n<span class=\"wpcf7-form-control-wrap\" data-name=\"your-subject\"><input size=\"38\" class=\"wpcf7-form-control wpcf7-text\" aria-invalid=\"false\" value=\"\" type=\"text\" name=\"your-subject\" \/><\/span> <\/label>\n<\/p>\n<p><label> Tre\u015b\u0107 zam\u00f3wienia<br \/>\n<span class=\"wpcf7-form-control-wrap\" data-name=\"your-message\"><textarea cols=\"40\" rows=\"10\" class=\"wpcf7-form-control wpcf7-textarea\" aria-invalid=\"false\" name=\"your-message\">Jestem zainteresowany ofert\u0105, chcia\u0142bym zam\u00f3wi\u0107 stron\u0119 internetow\u0105 w pakiecie STANDARD...<\/textarea><\/span> <\/label>\n<\/p>\n<p><input class=\"wpcf7-form-control wpcf7-submit has-spinner\" type=\"submit\" value=\"Zam\u00f3w\" \/>\n<\/p><div class=\"wpcf7-response-output\" aria-hidden=\"true\"><\/div>\n<\/form>\n<\/div>\n\n<\/div>\n<\/div>\n","protected":false},"excerpt":{"rendered":"","protected":false},"author":1,"featured_media":0,"parent":0,"menu_order":0,"comment_status":"closed","ping_status":"closed","template":"templates\/full-width-page.php","meta":{"footnotes":""},"class_list":["post-285","page","type-page","status-publish","hentry"],"_links":{"self":[{"href":"https:\/\/www.cyfrawebdesign.pl\/index.php\/wp-json\/wp\/v2\/pages\/285","targetHints":{"allow":["GET"]}}],"collection":[{"href":"https:\/\/www.cyfrawebdesign.pl\/index.php\/wp-json\/wp\/v2\/pages"}],"about":[{"href":"https:\/\/www.cyfrawebdesign.pl\/index.php\/wp-json\/wp\/v2\/types\/page"}],"author":[{"embeddable":true,"href":"https:\/\/www.cyfrawebdesign.pl\/index.php\/wp-json\/wp\/v2\/users\/1"}],"replies":[{"embeddable":true,"href":"https:\/\/www.cyfrawebdesign.pl\/index.php\/wp-json\/wp\/v2\/comments?post=285"}],"version-history":[{"count":0,"href":"https:\/\/www.cyfrawebdesign.pl\/index.php\/wp-json\/wp\/v2\/pages\/285\/revisions"}],"wp:attachment":[{"href":"https:\/\/www.cyfrawebdesign.pl\/index.php\/wp-json\/wp\/v2\/media?parent=285"}],"curies":[{"name":"wp","href":"https:\/\/api.w.org\/{rel}","templated":true}]}}