{"id":265,"date":"2021-09-04T07:13:40","date_gmt":"2021-09-04T05:13:40","guid":{"rendered":"https:\/\/www.cyfrawebdesign.pl\/?page_id=265"},"modified":"2024-01-16T09:08:46","modified_gmt":"2024-01-16T08:08:46","slug":"cennik","status":"publish","type":"page","link":"https:\/\/www.cyfrawebdesign.pl\/index.php\/cennik\/","title":{"rendered":"Cennik"},"content":{"rendered":"\n<h2 class=\"wp-block-heading has-luminous-vivid-orange-color has-text-color\">Zam\u00f3w Twoj\u0105 stron\u0119 internetow\u0105<\/h2>\n\n\n\n<ul class=\"wp-block-list\" style=\"font-size:17px\">\n<li>Wybierz czy potrzebujesz pakietu Standard, Premium czy Biznes.<\/li>\n\n\n\n<li>Wybierz rodzaj p\u0142atno\u015bci, abonament lub op\u0142ata 1-razowa.<\/li>\n<\/ul>\n\n\n\n<div class=\"wp-block-columns is-layout-flex wp-container-core-columns-is-layout-9d6595d7 wp-block-columns-is-layout-flex\">\n<div class=\"wp-block-column is-layout-flow wp-block-column-is-layout-flow\">\n<div class=\"wp-block-cover is-light\"><span aria-hidden=\"true\" class=\"wp-block-cover__background has-background-dim-70 has-background-dim\" style=\"background-color:#006f47\"><\/span><img loading=\"lazy\" decoding=\"async\" width=\"680\" height=\"1297\" class=\"wp-block-cover__image-background wp-image-271\" alt=\"\" src=\"https:\/\/www.cyfrawebdesign.pl\/wp-content\/uploads\/2021\/09\/cennik001.jpg\" style=\"object-position:58% 44%\" data-object-fit=\"cover\" data-object-position=\"58% 44%\" srcset=\"https:\/\/www.cyfrawebdesign.pl\/wp-content\/uploads\/2021\/09\/cennik001.jpg 680w, https:\/\/www.cyfrawebdesign.pl\/wp-content\/uploads\/2021\/09\/cennik001-157x300.jpg 157w, https:\/\/www.cyfrawebdesign.pl\/wp-content\/uploads\/2021\/09\/cennik001-537x1024.jpg 537w\" sizes=\"auto, (max-width: 680px) 100vw, 680px\" \/><div class=\"wp-block-cover__inner-container is-layout-flow wp-block-cover-is-layout-flow\">\n<p class=\"has-text-align-center has-white-color has-text-color has-link-color has-large-font-size wp-elements-a61a3b0d3f69d6e7057bf3f1e72ca6fc\">Pakiet<\/p>\n\n\n\n<p class=\"has-text-align-center has-white-color has-text-color has-link-color has-large-font-size wp-elements-b25b0df74cb6426257572a6d025fe1c5\"><strong>STANDARD<\/strong><\/p>\n\n\n\n<p class=\"has-text-align-center has-white-color has-text-color has-link-color wp-elements-20a0e6e28c69ea8af8d62d960af2450f\">____________________<\/p>\n\n\n\n<p class=\"has-text-align-center has-white-color has-text-color has-link-color wp-elements-8a1814d7563fdaa5a997ddf6c36dc30e\">cena netto w abonamencie:<\/p>\n\n\n\n<p class=\"has-text-align-center has-white-color has-text-color has-huge-font-size\"><strong>100 z\u0142\/mc<\/strong><\/p>\n\n\n\n<p class=\"has-text-align-center has-white-color has-text-color has-link-color wp-elements-20a0e6e28c69ea8af8d62d960af2450f\">____________________<\/p>\n\n\n\n<p class=\"has-text-align-center has-white-color has-text-color has-link-color wp-elements-20690868abab3cb3e46912bc6c928b5d\">cena netto w 1-razowej op\u0142acie:<\/p>\n\n\n\n<p class=\"has-text-align-center has-white-color has-text-color has-link-color has-huge-font-size wp-elements-a060c6ae25be0e8ce7b69b1744a05253\"><strong>699 z\u0142<\/strong><\/p>\n\n\n\n<p class=\"has-text-align-center has-white-color has-text-color has-link-color wp-elements-20a0e6e28c69ea8af8d62d960af2450f\">____________________<\/p>\n\n\n\n<ul class=\"has-white-color has-text-color has-link-color wp-block-list wp-elements-b24574454b847880fd0bd8b508ee97f3\">\n<li class=\"has-medium-font-size\">wizyt\u00f3wka firmy<\/li>\n<\/ul>\n\n\n\n<ul class=\"has-white-color has-text-color has-link-color has-medium-font-size wp-block-list wp-elements-da733fdc998e113f113bc1742ae43b2a\">\n<li>strona typu one-page do 2 sekcji<\/li>\n<\/ul>\n\n\n\n<ul class=\"has-white-color has-text-color has-link-color has-medium-font-size wp-block-list wp-elements-adb2b0f00d106c8c9f074a0be23c20da\">\n<li>plus max 1 podstrona<\/li>\n<\/ul>\n\n\n\n<ul class=\"has-white-color has-text-color has-link-color has-medium-font-size wp-block-list wp-elements-246bb5a6ed3b9c8090d60f8e34632bad\">\n<li>hosting w cenie<\/li>\n<\/ul>\n\n\n\n<ul class=\"has-white-color has-text-color has-link-color has-medium-font-size wp-block-list wp-elements-b9b591e08b85e34788da26f70efd9a83\">\n<li>domena w cenie<\/li>\n<\/ul>\n\n\n\n<ul class=\"has-white-color has-text-color has-link-color has-medium-font-size wp-block-list wp-elements-d1a3f5bc9feefb5a5d6b47789f6817f5\">\n<li>aktualizacje w cenie<\/li>\n<\/ul>\n\n\n\n<ul class=\"has-white-color has-text-color has-link-color has-medium-font-size wp-block-list wp-elements-73cdbf9caba0fbdbd645952a2865cf4a\">\n<li>bez op\u0142aty instalacyjnej<\/li>\n<\/ul>\n\n\n\n<ul class=\"has-white-color has-text-color has-link-color has-medium-font-size wp-block-list wp-elements-bde68498b9400465690714fac44a31e4\">\n<li>strona responsywna<\/li>\n\n\n\n<li class=\"has-medium-font-size\">zaliczenie testu <a href=\"https:\/\/search.google.com\/test\/mobile-friendly\" target=\"_blank\" rel=\"noreferrer noopener\"><a href=\"https:\/\/search.google.com\/test\/mobile-friendly\" target=\"_blank\" rel=\"noreferrer noopener\">Google Mobile Friendly<\/a><\/a><\/li>\n\n\n\n<li>2 skrzynki e-mail<\/li>\n\n\n\n<li>1 formularz kontaktowy<\/li>\n\n\n\n<li>1 slider zdj\u0119\u0107<\/li>\n\n\n\n<li>1 galeria zdj\u0119\u0107<\/li>\n\n\n\n<li>mapa Google<\/li>\n\n\n\n<li>integracja z sieciami spo\u0142eczno\u015bciowymi<\/li>\n\n\n\n<li>optymalizacja pod k\u0105tem wyszukiwarek<\/li>\n\n\n\n<li>certyfikat SSL 20 z\u0142\/mc<\/li>\n\n\n\n<li>kampania reklamowa Google Ads cena ustalana indywidualnie<\/li>\n\n\n\n<li>w opcji abonamentowej umowa na 12 miesi\u0119cy<\/li>\n<\/ul>\n\n\n\n<p class=\"has-text-align-center has-white-color has-text-color has-link-color wp-elements-20a0e6e28c69ea8af8d62d960af2450f\">____________________<\/p>\n\n\n\n<div class=\"wp-block-buttons is-layout-flex wp-block-buttons-is-layout-flex\">\n<div class=\"wp-block-button has-custom-width wp-block-button__width-100 is-style-outline is-style-outline--1\"><a class=\"wp-block-button__link has-white-color has-text-color has-link-color wp-element-button\" href=\"https:\/\/www.cyfrawebdesign.pl\/index.php\/zloz-zamowienie\/\" target=\"_blank\" rel=\"noreferrer noopener\">ZAMAWIAM PAKIET STANDARD<\/a><\/div>\n<\/div>\n\n\n\n<p><\/p>\n<\/div><\/div>\n<\/div>\n\n\n\n<div class=\"wp-block-column is-layout-flow wp-block-column-is-layout-flow\">\n<div class=\"wp-block-cover is-light\"><span aria-hidden=\"true\" class=\"wp-block-cover__background has-background-dim-70 has-background-dim\" style=\"background-color:#0071b2\"><\/span><img loading=\"lazy\" decoding=\"async\" width=\"680\" height=\"1297\" class=\"wp-block-cover__image-background wp-image-271\" alt=\"\" src=\"https:\/\/www.cyfrawebdesign.pl\/wp-content\/uploads\/2021\/09\/cennik001.jpg\" style=\"object-position:58% 44%\" data-object-fit=\"cover\" data-object-position=\"58% 44%\" srcset=\"https:\/\/www.cyfrawebdesign.pl\/wp-content\/uploads\/2021\/09\/cennik001.jpg 680w, https:\/\/www.cyfrawebdesign.pl\/wp-content\/uploads\/2021\/09\/cennik001-157x300.jpg 157w, https:\/\/www.cyfrawebdesign.pl\/wp-content\/uploads\/2021\/09\/cennik001-537x1024.jpg 537w\" sizes=\"auto, (max-width: 680px) 100vw, 680px\" \/><div class=\"wp-block-cover__inner-container is-layout-flow wp-block-cover-is-layout-flow\">\n<p class=\"has-text-align-center has-white-color has-text-color has-link-color has-large-font-size wp-elements-a61a3b0d3f69d6e7057bf3f1e72ca6fc\">Pakiet<\/p>\n\n\n\n<p class=\"has-text-align-center has-white-color has-text-color has-link-color has-large-font-size wp-elements-0897e827a9351200e1e08ad954e0af8a\"><strong>PREMIUM<\/strong><\/p>\n\n\n\n<p class=\"has-text-align-center has-white-color has-text-color has-link-color wp-elements-20a0e6e28c69ea8af8d62d960af2450f\">____________________<\/p>\n\n\n\n<p class=\"has-text-align-center has-white-color has-text-color has-link-color wp-elements-8a1814d7563fdaa5a997ddf6c36dc30e\">cena netto w abonamencie:<\/p>\n\n\n\n<p class=\"has-text-align-center has-white-color has-text-color has-link-color has-huge-font-size wp-elements-a6954d1bb12d385dc3732beaa1b06fb2\"><strong>150 z\u0142\/mc<\/strong><\/p>\n\n\n\n<p class=\"has-text-align-center has-white-color has-text-color has-link-color wp-elements-20a0e6e28c69ea8af8d62d960af2450f\">____________________<\/p>\n\n\n\n<p class=\"has-text-align-center has-white-color has-text-color has-link-color wp-elements-20690868abab3cb3e46912bc6c928b5d\">cena netto w 1-razowej op\u0142acie:<\/p>\n\n\n\n<p class=\"has-text-align-center has-white-color has-text-color has-link-color has-huge-font-size wp-elements-1029d719db5b12d250e5d61755ad5202\"><strong>999 z\u0142<\/strong><\/p>\n\n\n\n<p class=\"has-text-align-center has-white-color has-text-color has-link-color wp-elements-20a0e6e28c69ea8af8d62d960af2450f\">____________________<\/p>\n\n\n\n<ul class=\"has-white-color has-text-color has-link-color has-medium-font-size wp-block-list wp-elements-c5615af4de19dcd45017354ea83dea44\">\n<li>rozbudowana strona internetowa<\/li>\n<\/ul>\n\n\n\n<ul class=\"has-white-color has-text-color has-link-color has-medium-font-size wp-block-list wp-elements-a906ea63788c4e6649629dfa2c01d1a3\">\n<li>strona g\u0142\u00f3wna + 2 do 4 podstron \/ sekcji<\/li>\n<\/ul>\n\n\n\n<ul class=\"has-white-color has-text-color has-link-color has-medium-font-size wp-block-list wp-elements-c03197ab8fc5b67585770bdc054ca43b\">\n<li>dodatkowa podstrona 20 z\u0142\/mc<\/li>\n<\/ul>\n\n\n\n<ul class=\"has-white-color has-text-color has-link-color has-medium-font-size wp-block-list wp-elements-246bb5a6ed3b9c8090d60f8e34632bad\">\n<li>hosting w cenie<\/li>\n<\/ul>\n\n\n\n<ul class=\"has-white-color has-text-color has-link-color has-medium-font-size wp-block-list wp-elements-b9b591e08b85e34788da26f70efd9a83\">\n<li>domena w cenie<\/li>\n<\/ul>\n\n\n\n<ul class=\"has-white-color has-text-color has-link-color has-medium-font-size wp-block-list wp-elements-d1a3f5bc9feefb5a5d6b47789f6817f5\">\n<li>aktualizacje w cenie<\/li>\n<\/ul>\n\n\n\n<ul class=\"has-white-color has-text-color has-link-color has-medium-font-size wp-block-list wp-elements-73cdbf9caba0fbdbd645952a2865cf4a\">\n<li>bez op\u0142aty instalacyjnej<\/li>\n<\/ul>\n\n\n\n<ul class=\"has-white-color has-text-color has-link-color has-medium-font-size wp-block-list wp-elements-dff4adb62e458535cfec72ba8ac445fc\">\n<li>strona responsywna<\/li>\n\n\n\n<li>zaliczenie testu <a href=\"https:\/\/search.google.com\/test\/mobile-friendly\" target=\"_blank\" rel=\"noreferrer noopener\"><\/a><a href=\"https:\/\/search.google.com\/test\/mobile-friendly\" target=\"_blank\" rel=\"noreferrer noopener\">Google Mobile Friendly<\/a><\/li>\n\n\n\n<li>4 skrzynki e-mail<\/li>\n\n\n\n<li>2 formularze kontaktowe<\/li>\n\n\n\n<li>1 slider zdj\u0119\u0107<\/li>\n\n\n\n<li>3 galerie zdj\u0119\u0107<\/li>\n\n\n\n<li>mapa Google<\/li>\n\n\n\n<li>integracja z sieciami spo\u0142eczno\u015bciowymi<\/li>\n\n\n\n<li>optymalizacja pod k\u0105tem wyszukiwarek<\/li>\n\n\n\n<li>certyfikat SSL 20 z\u0142\/mc<\/li>\n\n\n\n<li>kampania reklamowa Google Ads cena ustalana indywidualnie<\/li>\n\n\n\n<li>w opcji abonamentowej umowa na 12 miesi\u0119cy<\/li>\n<\/ul>\n\n\n\n<p class=\"has-text-align-center has-white-color has-text-color has-link-color wp-elements-20a0e6e28c69ea8af8d62d960af2450f\">____________________<\/p>\n\n\n\n<div class=\"wp-block-buttons is-layout-flex wp-block-buttons-is-layout-flex\">\n<div class=\"wp-block-button has-custom-width wp-block-button__width-100 is-style-outline is-style-outline--2\"><a class=\"wp-block-button__link has-white-color has-text-color has-link-color wp-element-button\" href=\"https:\/\/www.cyfrawebdesign.pl\/index.php\/zloz-zamowienie-2\/\" target=\"_blank\" rel=\"noreferrer noopener\">ZAMAWIAM PAKIET PREMIUM<\/a><\/div>\n<\/div>\n\n\n\n<p><\/p>\n<\/div><\/div>\n<\/div>\n\n\n\n<div class=\"wp-block-column is-layout-flow wp-block-column-is-layout-flow\">\n<div class=\"wp-block-cover is-light\"><span aria-hidden=\"true\" class=\"wp-block-cover__background has-background-dim-70 has-background-dim\" style=\"background-color:#cc0000\"><\/span><img loading=\"lazy\" decoding=\"async\" width=\"680\" height=\"1297\" class=\"wp-block-cover__image-background wp-image-271\" alt=\"\" src=\"https:\/\/www.cyfrawebdesign.pl\/wp-content\/uploads\/2021\/09\/cennik001.jpg\" style=\"object-position:58% 44%\" data-object-fit=\"cover\" data-object-position=\"58% 44%\" srcset=\"https:\/\/www.cyfrawebdesign.pl\/wp-content\/uploads\/2021\/09\/cennik001.jpg 680w, https:\/\/www.cyfrawebdesign.pl\/wp-content\/uploads\/2021\/09\/cennik001-157x300.jpg 157w, https:\/\/www.cyfrawebdesign.pl\/wp-content\/uploads\/2021\/09\/cennik001-537x1024.jpg 537w\" sizes=\"auto, (max-width: 680px) 100vw, 680px\" \/><div class=\"wp-block-cover__inner-container is-layout-flow wp-block-cover-is-layout-flow\">\n<p class=\"has-text-align-center has-white-color has-text-color has-link-color has-large-font-size wp-elements-a61a3b0d3f69d6e7057bf3f1e72ca6fc\">Pakiet<\/p>\n\n\n\n<p class=\"has-text-align-center has-white-color has-text-color has-link-color has-large-font-size wp-elements-acf7208076fa518a46aedc4b60aeef7e\"><strong>BIZNES<\/strong><\/p>\n\n\n\n<p class=\"has-text-align-center has-white-color has-text-color has-link-color wp-elements-20a0e6e28c69ea8af8d62d960af2450f\">____________________<\/p>\n\n\n\n<p class=\"has-text-align-center has-white-color has-text-color has-link-color wp-elements-8a1814d7563fdaa5a997ddf6c36dc30e\">cena netto w abonamencie:<\/p>\n\n\n\n<p class=\"has-text-align-center has-white-color has-text-color has-link-color has-huge-font-size wp-elements-6790946f2fa60e56fc4310bbbde68062\"><strong>200 z\u0142\/mc<\/strong><\/p>\n\n\n\n<p class=\"has-text-align-center has-white-color has-text-color has-link-color wp-elements-20a0e6e28c69ea8af8d62d960af2450f\">____________________<\/p>\n\n\n\n<p class=\"has-text-align-center has-white-color has-text-color has-link-color wp-elements-20690868abab3cb3e46912bc6c928b5d\">cena netto w 1-razowej op\u0142acie:<\/p>\n\n\n\n<p class=\"has-text-align-center has-white-color has-text-color has-link-color has-huge-font-size wp-elements-17d090dbc414a06b222fbbe1cf90a8c3\"><strong>1399 z\u0142<\/strong><\/p>\n\n\n\n<p class=\"has-text-align-center has-white-color has-text-color has-link-color wp-elements-20a0e6e28c69ea8af8d62d960af2450f\">____________________<\/p>\n\n\n\n<ul class=\"has-white-color has-text-color has-link-color has-medium-font-size wp-block-list wp-elements-f6e12df5db1a0f5a86f12057627a95b1\">\n<li>zaawansowana strona internetowa<\/li>\n<\/ul>\n\n\n\n<ul class=\"has-white-color has-text-color has-link-color has-medium-font-size wp-block-list wp-elements-dd69c1bac6ad5af57506cef58f3b1d65\">\n<li>strona g\u0142\u00f3wna + 5 do 9 podstron \/ sekcji<\/li>\n<\/ul>\n\n\n\n<ul class=\"has-white-color has-text-color has-link-color has-medium-font-size wp-block-list wp-elements-c03197ab8fc5b67585770bdc054ca43b\">\n<li>dodatkowa podstrona 20 z\u0142\/mc<\/li>\n<\/ul>\n\n\n\n<ul class=\"has-white-color has-text-color has-link-color has-medium-font-size wp-block-list wp-elements-246bb5a6ed3b9c8090d60f8e34632bad\">\n<li>hosting w cenie<\/li>\n<\/ul>\n\n\n\n<ul class=\"has-white-color has-text-color has-link-color has-medium-font-size wp-block-list wp-elements-b9b591e08b85e34788da26f70efd9a83\">\n<li>domena w cenie<\/li>\n<\/ul>\n\n\n\n<ul class=\"has-white-color has-text-color has-link-color has-medium-font-size wp-block-list wp-elements-d1a3f5bc9feefb5a5d6b47789f6817f5\">\n<li>aktualizacje w cenie<\/li>\n<\/ul>\n\n\n\n<ul class=\"has-white-color has-text-color has-link-color has-medium-font-size wp-block-list wp-elements-73cdbf9caba0fbdbd645952a2865cf4a\">\n<li>bez op\u0142aty instalacyjnej<\/li>\n<\/ul>\n\n\n\n<ul class=\"has-white-color has-text-color has-link-color has-medium-font-size wp-block-list wp-elements-9560c09d0f79f3dadcef405269733bd8\">\n<li>strona responsywna<\/li>\n\n\n\n<li>zaliczenie testu <a rel=\"noreferrer noopener\" href=\"https:\/\/search.google.com\/test\/mobile-friendly\" target=\"_blank\">Google Mobile Friendly<\/a><\/li>\n\n\n\n<li>8 skrzynek e-mail<\/li>\n\n\n\n<li>4 formularze kontaktowe<\/li>\n\n\n\n<li>2 slidery zdj\u0119\u0107<\/li>\n\n\n\n<li>6 galerii zdj\u0119\u0107<\/li>\n\n\n\n<li>mapa Google<\/li>\n\n\n\n<li>integracja z sieciami spo\u0142eczno\u015bciowymi<\/li>\n\n\n\n<li>optymalizacja pod k\u0105tem wyszukiwarek<\/li>\n\n\n\n<li>certyfikat SSL 20 z\u0142\/mc<\/li>\n\n\n\n<li>kampania reklamowa Google Ads cena ustalana indywidualnie<\/li>\n\n\n\n<li>w opcji abonamentowej umowa na 12 miesi\u0119cy<\/li>\n<\/ul>\n\n\n\n<p class=\"has-text-align-center has-white-color has-text-color has-link-color wp-elements-20a0e6e28c69ea8af8d62d960af2450f\">____________________<\/p>\n\n\n\n<div class=\"wp-block-buttons is-layout-flex wp-block-buttons-is-layout-flex\">\n<div class=\"wp-block-button has-custom-width wp-block-button__width-100 is-style-outline is-style-outline--3\"><a class=\"wp-block-button__link has-white-color has-text-color has-link-color wp-element-button\" href=\"https:\/\/www.cyfrawebdesign.pl\/index.php\/zloz-zamowienie-3\/\" target=\"_blank\" rel=\"noreferrer noopener\">ZAMAWIAM PAKIET BIZNES<\/a><\/div>\n<\/div>\n\n\n\n<p><\/p>\n<\/div><\/div>\n<\/div>\n<\/div>\n\n\n\n<p style=\"font-size:17px\">*Cena sklep\u00f3w internetowych ustalana jest indywidulanie w zale\u017cno\u015bci od wielko\u015bci sklepu (od 250 z\u0142\/mc).<\/p>\n","protected":false},"excerpt":{"rendered":"<p>Zam\u00f3w Twoj\u0105 stron\u0119 internetow\u0105 *Cena sklep\u00f3w internetowych ustalana jest indywidulanie w zale\u017cno\u015bci od wielko\u015bci sklepu (od 250 z\u0142\/mc).<\/p>\n","protected":false},"author":1,"featured_media":0,"parent":0,"menu_order":0,"comment_status":"closed","ping_status":"closed","template":"templates\/full-width-page.php","meta":{"footnotes":""},"class_list":["post-265","page","type-page","status-publish","hentry"],"_links":{"self":[{"href":"https:\/\/www.cyfrawebdesign.pl\/index.php\/wp-json\/wp\/v2\/pages\/265","targetHints":{"allow":["GET"]}}],"collection":[{"href":"https:\/\/www.cyfrawebdesign.pl\/index.php\/wp-json\/wp\/v2\/pages"}],"about":[{"href":"https:\/\/www.cyfrawebdesign.pl\/index.php\/wp-json\/wp\/v2\/types\/page"}],"author":[{"embeddable":true,"href":"https:\/\/www.cyfrawebdesign.pl\/index.php\/wp-json\/wp\/v2\/users\/1"}],"replies":[{"embeddable":true,"href":"https:\/\/www.cyfrawebdesign.pl\/index.php\/wp-json\/wp\/v2\/comments?post=265"}],"version-history":[{"count":0,"href":"https:\/\/www.cyfrawebdesign.pl\/index.php\/wp-json\/wp\/v2\/pages\/265\/revisions"}],"wp:attachment":[{"href":"https:\/\/www.cyfrawebdesign.pl\/index.php\/wp-json\/wp\/v2\/media?parent=265"}],"curies":[{"name":"wp","href":"https:\/\/api.w.org\/{rel}","templated":true}]}}