{"id":144,"date":"2021-08-22T19:52:49","date_gmt":"2021-08-22T17:52:49","guid":{"rendered":"http:\/\/www.cyfrawebdesign.pl\/?page_id=144"},"modified":"2024-01-16T08:37:39","modified_gmt":"2024-01-16T07:37:39","slug":"nasze-realizacje","status":"publish","type":"page","link":"https:\/\/www.cyfrawebdesign.pl\/index.php\/nasze-realizacje\/","title":{"rendered":"Nasze Realizacje"},"content":{"rendered":"\n<h2 class=\"wp-block-heading has-luminous-vivid-orange-color has-text-color\">Zobacz przyk\u0142adowe strony kt\u00f3re ju\u017c wykonali\u015bmy<\/h2>\n\n\n\n<div style=\"height:40px\" aria-hidden=\"true\" class=\"wp-block-spacer\"><\/div>\n\n\n\n<figure class=\"wp-block-image size-full\"><img loading=\"lazy\" decoding=\"async\" width=\"1200\" height=\"643\" src=\"https:\/\/www.cyfrawebdesign.pl\/wp-content\/uploads\/2024\/01\/Screenshot_4.png\" alt=\"\" class=\"wp-image-482\" srcset=\"https:\/\/www.cyfrawebdesign.pl\/wp-content\/uploads\/2024\/01\/Screenshot_4.png 1200w, https:\/\/www.cyfrawebdesign.pl\/wp-content\/uploads\/2024\/01\/Screenshot_4-300x161.png 300w, https:\/\/www.cyfrawebdesign.pl\/wp-content\/uploads\/2024\/01\/Screenshot_4-1024x549.png 1024w, https:\/\/www.cyfrawebdesign.pl\/wp-content\/uploads\/2024\/01\/Screenshot_4-768x412.png 768w\" sizes=\"auto, (max-width: 1200px) 100vw, 1200px\" \/><\/figure>\n\n\n\n<p>Strona internetowa Mobilne Cocktail Bary.<\/p>\n\n\n\n<p><a href=\"https:\/\/funkymojitoproject.pl\" target=\"_blank\" rel=\"noreferrer noopener\">www.funkymojitoproject.pl<\/a><\/p>\n\n\n\n<div style=\"height:40px\" aria-hidden=\"true\" class=\"wp-block-spacer\"><\/div>\n\n\n\n<figure class=\"wp-block-image size-full\"><img loading=\"lazy\" decoding=\"async\" width=\"1200\" height=\"639\" src=\"https:\/\/www.cyfrawebdesign.pl\/wp-content\/uploads\/2024\/01\/Screenshot_3.png\" alt=\"\" class=\"wp-image-481\" srcset=\"https:\/\/www.cyfrawebdesign.pl\/wp-content\/uploads\/2024\/01\/Screenshot_3.png 1200w, https:\/\/www.cyfrawebdesign.pl\/wp-content\/uploads\/2024\/01\/Screenshot_3-300x160.png 300w, https:\/\/www.cyfrawebdesign.pl\/wp-content\/uploads\/2024\/01\/Screenshot_3-1024x545.png 1024w, https:\/\/www.cyfrawebdesign.pl\/wp-content\/uploads\/2024\/01\/Screenshot_3-768x409.png 768w\" sizes=\"auto, (max-width: 1200px) 100vw, 1200px\" \/><\/figure>\n\n\n\n<p>Strona internetowa studia wiza\u017cu.<\/p>\n\n\n\n<p><a href=\"https:\/\/www.kiuruvisage.pl\" target=\"_blank\" rel=\"noreferrer noopener\">www.kiuruvisage.pl<\/a><\/p>\n\n\n\n<div style=\"height:40px\" aria-hidden=\"true\" class=\"wp-block-spacer\"><\/div>\n\n\n\n<figure class=\"wp-block-image size-full\"><img loading=\"lazy\" decoding=\"async\" width=\"1200\" height=\"649\" src=\"https:\/\/www.cyfrawebdesign.pl\/wp-content\/uploads\/2021\/09\/www_04.png\" alt=\"\" class=\"wp-image-444\" srcset=\"https:\/\/www.cyfrawebdesign.pl\/wp-content\/uploads\/2021\/09\/www_04.png 1200w, https:\/\/www.cyfrawebdesign.pl\/wp-content\/uploads\/2021\/09\/www_04-300x162.png 300w, https:\/\/www.cyfrawebdesign.pl\/wp-content\/uploads\/2021\/09\/www_04-1024x554.png 1024w, https:\/\/www.cyfrawebdesign.pl\/wp-content\/uploads\/2021\/09\/www_04-768x415.png 768w\" sizes=\"auto, (max-width: 1200px) 100vw, 1200px\" \/><\/figure>\n\n\n\n<p>Strona internetowa producenta napoj\u00f3w energetycznych.<\/p>\n\n\n\n<p><a rel=\"noreferrer noopener\" href=\"https:\/\/godisco.eu\" target=\"_blank\">www.godisco.eu<\/a><\/p>\n\n\n\n<div style=\"height:40px\" aria-hidden=\"true\" class=\"wp-block-spacer\"><\/div>\n\n\n\n<figure class=\"wp-block-image size-full\"><img loading=\"lazy\" decoding=\"async\" width=\"1200\" height=\"617\" src=\"https:\/\/www.cyfrawebdesign.pl\/wp-content\/uploads\/2021\/08\/www01.png\" alt=\"\" class=\"wp-image-95\" srcset=\"https:\/\/www.cyfrawebdesign.pl\/wp-content\/uploads\/2021\/08\/www01.png 1200w, https:\/\/www.cyfrawebdesign.pl\/wp-content\/uploads\/2021\/08\/www01-300x154.png 300w, https:\/\/www.cyfrawebdesign.pl\/wp-content\/uploads\/2021\/08\/www01-1024x527.png 1024w, https:\/\/www.cyfrawebdesign.pl\/wp-content\/uploads\/2021\/08\/www01-768x395.png 768w\" sizes=\"auto, (max-width: 1200px) 100vw, 1200px\" \/><figcaption class=\"wp-element-caption\">Strona internetowa studia fotograficznego.<\/figcaption><\/figure>\n\n\n\n<p><a rel=\"noreferrer noopener\" href=\"http:\/\/www.adambanasiak.com\" data-type=\"URL\" data-id=\"www.adambanasiak.com\" target=\"_blank\">www.adambanasiak.com<\/a><\/p>\n\n\n\n<div style=\"height:40px\" aria-hidden=\"true\" class=\"wp-block-spacer\"><\/div>\n\n\n\n<figure class=\"wp-block-image size-full\"><img loading=\"lazy\" decoding=\"async\" width=\"1200\" height=\"521\" src=\"https:\/\/www.cyfrawebdesign.pl\/wp-content\/uploads\/2021\/08\/www02.png\" alt=\"\" class=\"wp-image-96\" srcset=\"https:\/\/www.cyfrawebdesign.pl\/wp-content\/uploads\/2021\/08\/www02.png 1200w, https:\/\/www.cyfrawebdesign.pl\/wp-content\/uploads\/2021\/08\/www02-300x130.png 300w, https:\/\/www.cyfrawebdesign.pl\/wp-content\/uploads\/2021\/08\/www02-1024x445.png 1024w, https:\/\/www.cyfrawebdesign.pl\/wp-content\/uploads\/2021\/08\/www02-768x333.png 768w\" sizes=\"auto, (max-width: 1200px) 100vw, 1200px\" \/><figcaption class=\"wp-element-caption\">Strona internetowa firmy gastronomicznej.<\/figcaption><\/figure>\n\n\n\n<p><a rel=\"noreferrer noopener\" href=\"http:\/\/www.gastro-polak.pl\" data-type=\"URL\" data-id=\"www.gastro-polak.pl\" target=\"_blank\">www.gastro-polak.pl<\/a><\/p>\n\n\n\n<div style=\"height:40px\" aria-hidden=\"true\" class=\"wp-block-spacer\"><\/div>\n\n\n\n<figure class=\"wp-block-image size-full\"><img loading=\"lazy\" decoding=\"async\" width=\"1200\" height=\"637\" src=\"https:\/\/www.cyfrawebdesign.pl\/wp-content\/uploads\/2021\/08\/www03.png\" alt=\"\" class=\"wp-image-97\" srcset=\"https:\/\/www.cyfrawebdesign.pl\/wp-content\/uploads\/2021\/08\/www03.png 1200w, https:\/\/www.cyfrawebdesign.pl\/wp-content\/uploads\/2021\/08\/www03-300x159.png 300w, https:\/\/www.cyfrawebdesign.pl\/wp-content\/uploads\/2021\/08\/www03-1024x544.png 1024w, https:\/\/www.cyfrawebdesign.pl\/wp-content\/uploads\/2021\/08\/www03-768x408.png 768w\" sizes=\"auto, (max-width: 1200px) 100vw, 1200px\" \/><\/figure>\n\n\n\n<p>Sklep internetowy z aloesowymi artyku\u0142ami dla zdrowia i urody.<\/p>\n\n\n\n<p><a href=\"http:\/\/www.aloes.center\" data-type=\"URL\" data-id=\"www.aloes.center\" target=\"_blank\" rel=\"noreferrer noopener\">www.aloes.center<\/a><\/p>\n","protected":false},"excerpt":{"rendered":"<p>Zobacz przyk\u0142adowe strony kt\u00f3re ju\u017c wykonali\u015bmy Strona internetowa Mobilne Cocktail Bary. www.funkymojitoproject.pl Strona internetowa studia wiza\u017cu. www.kiuruvisage.pl Strona internetowa producenta napoj\u00f3w energetycznych. www.godisco.eu www.adambanasiak.com www.gastro-polak.pl Sklep internetowy z aloesowymi artyku\u0142ami dla zdrowia i urody. www.aloes.center<\/p>\n","protected":false},"author":1,"featured_media":96,"parent":0,"menu_order":0,"comment_status":"closed","ping_status":"closed","template":"templates\/full-width-page.php","meta":{"footnotes":""},"class_list":["post-144","page","type-page","status-publish","has-post-thumbnail","hentry"],"_links":{"self":[{"href":"https:\/\/www.cyfrawebdesign.pl\/index.php\/wp-json\/wp\/v2\/pages\/144","targetHints":{"allow":["GET"]}}],"collection":[{"href":"https:\/\/www.cyfrawebdesign.pl\/index.php\/wp-json\/wp\/v2\/pages"}],"about":[{"href":"https:\/\/www.cyfrawebdesign.pl\/index.php\/wp-json\/wp\/v2\/types\/page"}],"author":[{"embeddable":true,"href":"https:\/\/www.cyfrawebdesign.pl\/index.php\/wp-json\/wp\/v2\/users\/1"}],"replies":[{"embeddable":true,"href":"https:\/\/www.cyfrawebdesign.pl\/index.php\/wp-json\/wp\/v2\/comments?post=144"}],"version-history":[{"count":0,"href":"https:\/\/www.cyfrawebdesign.pl\/index.php\/wp-json\/wp\/v2\/pages\/144\/revisions"}],"wp:featuredmedia":[{"embeddable":true,"href":"https:\/\/www.cyfrawebdesign.pl\/index.php\/wp-json\/wp\/v2\/media\/96"}],"wp:attachment":[{"href":"https:\/\/www.cyfrawebdesign.pl\/index.php\/wp-json\/wp\/v2\/media?parent=144"}],"curies":[{"name":"wp","href":"https:\/\/api.w.org\/{rel}","templated":true}]}}